{"id":994,"date":"2025-07-06T18:07:03","date_gmt":"2025-07-06T18:07:03","guid":{"rendered":"https:\/\/sushi.live\/?page_id=994"},"modified":"2025-07-06T18:08:58","modified_gmt":"2025-07-06T18:08:58","slug":"cookie-richtlinie","status":"publish","type":"page","link":"https:\/\/sushi.live\/de\/cookie-richtlinie\/","title":{"rendered":"Cookie-Richtlinie"},"content":{"rendered":"<div data-elementor-type=\"wp-page\" data-elementor-id=\"994\" class=\"elementor elementor-994\" data-elementor-post-type=\"page\">\n\t\t\t\t<div class=\"elementor-element elementor-element-d7d58eb e-flex e-con-boxed e-con e-parent\" data-id=\"d7d58eb\" data-element_type=\"container\">\n\t\t\t\t\t<div class=\"e-con-inner\">\n\t\t\t\t<div class=\"elementor-element elementor-element-204c127 elementor-widget elementor-widget-spacer\" data-id=\"204c127\" data-element_type=\"widget\" data-widget_type=\"spacer.default\">\n\t\t\t\t\t\t\t<div class=\"elementor-spacer\">\n\t\t\t<div class=\"elementor-spacer-inner\"><\/div>\n\t\t<\/div>\n\t\t\t\t\t\t<\/div>\n\t\t\t\t<div class=\"elementor-element elementor-element-5241612 elementor-widget elementor-widget-text-editor\" data-id=\"5241612\" data-element_type=\"widget\" data-widget_type=\"text-editor.default\">\n\t\t\t\t\t\t\t\t\t<p><b>Datum der letzten Aktualisierung: 07. Juli 2025<\/b><\/p><p>Diese Cookie-Richtlinie ist ein integraler Bestandteil der Datenschutzrichtlinie der Website. <code>https:\/\/sushi.live<\/code> und ist in \u00dcbereinstimmung mit den Richtlinien der Garante per la Protezione dei Dati Personali und der Verordnung (EU) 2016\/679 (GDPR) verfasst.<\/p><h4><b>1. DATENKONTROLLEUR<\/b><\/h4><p>Der f\u00fcr die Datenverarbeitung Verantwortliche ist:<\/p><p><b>La Bussola SRL<\/b><\/p><ul><li><p><b>Eingetragener Sitz:<\/b> Viale Giuseppe Berto, Loc. Capo Vaticano, 89866, Ricadi (VV)<\/p><\/li><li><p><b>E-Mail-Kontakt:<\/b> info@sushi.live<\/p><\/li><li><p><b>PEC:<\/b> labussolahotel@pec.it<\/p><\/li><\/ul><h4><b>2. WAS COOKIES UND ANDERE TRACKING-TOOLS SIND<\/b><\/h4><p>Cookies sind kleine Textdateien, die von den von Ihnen besuchten Websites gesendet und auf Ihrem Computer oder Mobilger\u00e4t gespeichert werden, damit sie bei Ihrem n\u00e4chsten Besuch an dieselben Websites zur\u00fcckgesendet werden.<\/p><p>Es gibt verschiedene Arten von Cookies:<\/p><ul><li><p><b>Erstanbieter-Cookies:<\/b> die direkt vom Eigent\u00fcmer der Website eingerichtet und verwaltet werden.<\/p><\/li><li><p><b>Cookies von Dritten:<\/b> die von einer anderen Dom\u00e4ne als der vom Benutzer besuchten eingerichtet und verwaltet werden.<\/p><\/li><\/ul><p>Neben Cookies werden auf dieser Website auch andere Tracking-Tools (z. B. \"Pixel\") verwendet, die zwar technisch anders funktionieren, aber \u00e4hnlichen Zwecken dienen und denselben Rechtsvorschriften unterliegen. F\u00fcr die Zwecke dieses Hinweises bezieht sich der Begriff \"Cookies\" sowohl auf die eigentlichen Cookies als auch auf alle \u00e4hnlichen Tracking-Tools.<\/p><h4><b>3. ARTEN VON COOKIES, DIE VON DER WEBSITE VERWENDET WERDEN<\/b><\/h4><p>Diese Website verwendet die folgenden Arten von Cookies:<\/p><p><b>A) Technische (oder notwendige) Cookies<\/b> Diese Cookies sind f\u00fcr das ordnungsgem\u00e4\u00dfe Funktionieren der Website und die Erbringung der gew\u00fcnschten Dienstleistung unerl\u00e4sslich. Sie erfordern nicht die Zustimmung des Nutzers. Sie werden zum Beispiel verwendet, um die Browsing-Sitzung zu verwalten oder um die Entscheidung des Nutzers \u00fcber seine Zustimmung zu Cookies zu speichern.<\/p><p><b>B) Statistische (oder Analyse-) Cookies<\/b> Diese Cookies, einschlie\u00dflich der Cookies von Drittanbietern, sammeln Informationen in zusammengefasster und anonymer Form \u00fcber die Anzahl der Nutzer und die Art und Weise, wie sie die Website besuchen (z. B. besuchte Seiten, Verweildauer). <b>Wenn die Daten nicht vollst\u00e4ndig anonymisiert sind, ist f\u00fcr die Installation dieser Cookies die vorherige Zustimmung des Nutzers erforderlich.<\/b><\/p><p><b>C) Marketing- und Profilierungs-Cookies<\/b> Diese Cookies, auch von Drittanbietern, werden verwendet, um das Web-Browsing des Nutzers zu verfolgen und Profile \u00fcber seine Vorlieben, Gewohnheiten, Entscheidungen usw. zu erstellen. Mit diesen Cookies k\u00f6nnen Werbebotschaften, die den bereits ge\u00e4u\u00dferten Pr\u00e4ferenzen entsprechen, an das Endger\u00e4t des Nutzers \u00fcbermittelt werden. <b>F\u00fcr die Installation dieser Cookies ist die vorherige Zustimmung des Nutzers erforderlich.<\/b><\/p><h4><b>4. EINZELHEITEN ZU DEN VERWENDETEN COOKIES DRITTER<\/b><\/h4><p>Nachfolgend finden Sie eine Liste von Diensten Dritter, die \u00fcber diese Website Cookies installieren.<\/p><div class=\"horizontal-scroll-wrapper\"><div class=\"table-block-component\"><div class=\"table-block has-export-button\"><div class=\"table-content not-end-of-paragraph\"><table><thead><tr><td><p>Service und Lieferant<\/p><\/td><td><p>Typ<\/p><\/td><td><p>Zweck<\/p><\/td><td><p>Link zu Informationen<\/p><\/td><\/tr><\/thead><tbody><tr><td><p><b>Google Analytics<\/b> (Google LLC)<\/p><\/td><td><p>Statistiker<\/p><\/td><td><p>Generierung statistischer Daten \u00fcber die Nutzung der Website durch den Nutzer. Der f\u00fcr die Verarbeitung Verantwortliche kann Funktionen zur IP-Anonymisierung aktiviert haben.<\/p><\/td><td><p><a class=\"traceable-link\" href=\"https:\/\/policies.google.com\/privacy?hl=it\">Datenschutzbestimmungen<\/a><br \/><a class=\"traceable-link\" href=\"https:\/\/tools.google.com\/dlpage\/gaoptout?hl=it\">Opt-Out<\/a><\/p><\/td><\/tr><tr><td><p><b>Meta-Pixel<\/b> (Meta Platforms, Inc.)<\/p><\/td><td><p>Marketing und Profilierung<\/p><\/td><td><p>Verfolgen Sie Kampagnenkonversionen auf Facebook und Instagram, optimieren Sie Kampagnen und erstellen Sie Zielgruppen f\u00fcr Remarketing-Aktivit\u00e4ten.<\/p><\/td><td><p><a class=\"traceable-link\" href=\"https:\/\/www.facebook.com\/about\/privacy\/\">Datenpolitik<\/a><br \/><a class=\"traceable-link\" href=\"https:\/\/www.facebook.com\/policies\/cookies\/\">Cookie-Richtlinie<\/a><\/p><\/td><\/tr><tr><td><p><b>TikTok Pixel<\/b> (TikTok Technology Ltd. \/ TikTok Inc.)<\/p><\/td><td><p>Marketing und Profilierung<\/p><\/td><td><p>Messen Sie die Effektivit\u00e4t von Werbekampagnen auf TikTok, optimieren Sie sie und erstellen Sie ma\u00dfgeschneiderte Zielgruppensegmente f\u00fcr das Remarketing.<\/p><\/td><td><p><a class=\"traceable-link\" href=\"https:\/\/www.tiktok.com\/legal\/page\/eea\/privacy-policy\/it-IT\">Datenschutzbestimmungen<\/a><\/p><\/td><\/tr><tr><td><p><b>WhatsApp-Taste<\/b> (Meta Platforms, Inc.)<\/p><\/td><td><p>Funktionell<\/p><\/td><td><p>Der Nutzer kann \u00fcber die WhatsApp-App ein direktes Gespr\u00e4ch mit dem Inhaber beginnen.<\/p><\/td><td><p><a class=\"traceable-link\" href=\"https:\/\/www.google.com\/search?q=https:\/\/www.whatsapp.com\/legal\/privacy-policy-europe\">Datenschutzbestimmungen<\/a><\/p><\/td><\/tr><tr><td><p><b>Plateform Reservierungssystem<\/b> (Plateform-Anbieter)<\/p><\/td><td><p>Technisch \/ Funktional<\/p><\/td><td><p>Verwaltung des Online-Buchungsprozesses. Es kann technische Cookies f\u00fcr das korrekte Funktionieren des Buchungs-Widgets installieren.<\/p><\/td><td><p>[Pr\u00fcfen Sie die Datenschutzrichtlinie des Anbieters].<\/p><\/td><\/tr><\/tbody><\/table><\/div><div class=\"table-footer hide-from-message-actions ng-star-inserted\">\u00a0<\/div><\/div><\/div><\/div><p><i>Hinweis: Google Tag Manager ist ein Tag-Management-Tool und installiert keine Cookies an sich, kann aber zur Aktivierung anderer Skripte (wie Google Analytics oder Pixels) verwendet werden, die dies tun.<\/i><\/p><h4><b>5. COOKIE-VERWALTUNG UND WIDERRUF DER ZUSTIMMUNG<\/b><\/h4><p>Der Benutzer kann die Cookie-Einstellungen direkt \u00fcber die <b>Cookie-Banner<\/b> bei Ihrem ersten Besuch auf der Website angezeigt. Durch den Banner ist es m\u00f6glich:<\/p><ul><li><p>Alle Cookies akzeptieren.<\/p><\/li><li><p>Alle unn\u00f6tigen Cookies ablehnen.<\/p><\/li><li><p>Granulare Zustimmung f\u00fcr einzelne Zwecke oder f\u00fcr Dritte.<\/p><\/li><\/ul><p>Die erteilte Einwilligung wird \u00fcber ein technisches Cookie gespeichert und kann <b>jederzeit ge\u00e4ndert oder widerrufen werden<\/b>durch Zugriff auf den Bereich zur Verwaltung der Pr\u00e4ferenzen, der in der Regel \u00fcber einen Link in der Fu\u00dfzeile der Website zug\u00e4nglich ist.<\/p><p>Dar\u00fcber hinaus k\u00f6nnen Sie Ihre Cookie-Einstellungen direkt in Ihrem Browser verwalten, um die Installation von Cookies durch Dritte zu verhindern. Sie k\u00f6nnen auch in der Vergangenheit installierte Cookies \u00fcber Ihre Browsereinstellungen l\u00f6schen.<\/p><p>Nachstehend finden Sie Links zu Anleitungen f\u00fcr die g\u00e4ngigsten Browser:<\/p><ul><li><p><b>Google Chrome:<\/b> <a class=\"ng-star-inserted\" href=\"https:\/\/support.google.com\/chrome\/answer\/95647\" target=\"_blank\" rel=\"noopener\">https:\/\/support.google.com\/chrome\/answer\/95647<\/a><\/p><\/li><li><p><b>Mozilla Firefox:<\/b> <a class=\"ng-star-inserted\" href=\"https:\/\/support.mozilla.org\/it\/kb\/Gestione%20dei%20cookie\" target=\"_blank\" rel=\"noopener\">https:\/\/support.mozilla.org\/it\/kb\/Gestione%20dei%20cookie<\/a><\/p><\/li><li><p><b>Apple Safari:<\/b> <a class=\"ng-star-inserted\" href=\"https:\/\/www.google.com\/search?q=https:\/\/support.apple.com\/it-it\/guide\/safari\/sfri11471\/mac\" target=\"_blank\" rel=\"noopener\">https:\/\/support.apple.com\/it-it\/guide\/safari\/sfri11471\/mac<\/a><\/p><\/li><li><p><b><span class=\"citation-16\">Microsoft Edge:<\/span><\/b> <a class=\"ng-star-inserted\" href=\"https:\/\/support.microsoft.com\/it-it\/windows\/eliminare-e-gestire-i-cookie-168dab11-0753-043d-7c16-ede5947fc64d\" target=\"_blank\" rel=\"noopener\"><span class=\"citation-16 citation-end-16\">https:\/\/support.microsoft.com\/it-it\/windows\/eliminare-e-gestire-i-cookie-168dab11-0753-043d-7c16-ede5947fc64d<\/span><\/a><\/p><div class=\"source-inline-chip-container ng-star-inserted\">\u00a0<\/div><\/li><\/ul><h4><b>6. VERWEISE UND \u00c4NDERUNGEN<\/b><\/h4><p>Weitere Informationen \u00fcber die Verarbeitung personenbezogener Daten finden Sie in der <b>Datenschutzbestimmungen<\/b> vollst\u00e4ndige Website. Der Eigent\u00fcmer beh\u00e4lt sich das Recht vor, diese Politik jederzeit zu \u00e4ndern.<\/p>\t\t\t\t\t\t\t\t<\/div>\n\t\t\t\t\t<\/div>\n\t\t\t\t<\/div>\n\t\t\t\t<\/div>","protected":false},"excerpt":{"rendered":"<p>Data di ultimo aggiornamento: 07 luglio 2025 Questa Cookie Policy \u00e8 parte integrante della Privacy Policy del sito https:\/\/sushi.live ed [&hellip;]<\/p>","protected":false},"author":1,"featured_media":0,"parent":0,"menu_order":0,"comment_status":"closed","ping_status":"closed","template":"elementor_header_footer","meta":{"site-sidebar-layout":"no-sidebar","site-content-layout":"","ast-site-content-layout":"full-width-container","site-content-style":"default","site-sidebar-style":"default","ast-global-header-display":"disabled","ast-banner-title-visibility":"disabled","ast-main-header-display":"","ast-hfb-above-header-display":"","ast-hfb-below-header-display":"","ast-hfb-mobile-header-display":"","site-post-title":"disabled","ast-breadcrumbs-content":"","ast-featured-img":"disabled","footer-sml-layout":"disabled","theme-transparent-header-meta":"","adv-header-id-meta":"","stick-header-meta":"","header-above-stick-meta":"","header-main-stick-meta":"","header-below-stick-meta":"","astra-migrate-meta-layouts":"default","ast-page-background-enabled":"default","ast-page-background-meta":{"desktop":{"background-color":"var(--ast-global-color-5)","background-image":"","background-repeat":"repeat","background-position":"center center","background-size":"auto","background-attachment":"scroll","background-type":"","background-media":"","overlay-type":"","overlay-color":"","overlay-opacity":"","overlay-gradient":""},"tablet":{"background-color":"","background-image":"","background-repeat":"repeat","background-position":"center center","background-size":"auto","background-attachment":"scroll","background-type":"","background-media":"","overlay-type":"","overlay-color":"","overlay-opacity":"","overlay-gradient":""},"mobile":{"background-color":"","background-image":"","background-repeat":"repeat","background-position":"center center","background-size":"auto","background-attachment":"scroll","background-type":"","background-media":"","overlay-type":"","overlay-color":"","overlay-opacity":"","overlay-gradient":""}},"ast-content-background-meta":{"desktop":{"background-color":"var(--ast-global-color-4)","background-image":"","background-repeat":"repeat","background-position":"center center","background-size":"auto","background-attachment":"scroll","background-type":"","background-media":"","overlay-type":"","overlay-color":"","overlay-opacity":"","overlay-gradient":""},"tablet":{"background-color":"var(--ast-global-color-4)","background-image":"","background-repeat":"repeat","background-position":"center center","background-size":"auto","background-attachment":"scroll","background-type":"","background-media":"","overlay-type":"","overlay-color":"","overlay-opacity":"","overlay-gradient":""},"mobile":{"background-color":"var(--ast-global-color-4)","background-image":"","background-repeat":"repeat","background-position":"center center","background-size":"auto","background-attachment":"scroll","background-type":"","background-media":"","overlay-type":"","overlay-color":"","overlay-opacity":"","overlay-gradient":""}},"_joinchat":[],"footnotes":""},"class_list":["post-994","page","type-page","status-publish","hentry"],"_links":{"self":[{"href":"https:\/\/sushi.live\/de\/wp-json\/wp\/v2\/pages\/994","targetHints":{"allow":["GET"]}}],"collection":[{"href":"https:\/\/sushi.live\/de\/wp-json\/wp\/v2\/pages"}],"about":[{"href":"https:\/\/sushi.live\/de\/wp-json\/wp\/v2\/types\/page"}],"author":[{"embeddable":true,"href":"https:\/\/sushi.live\/de\/wp-json\/wp\/v2\/users\/1"}],"replies":[{"embeddable":true,"href":"https:\/\/sushi.live\/de\/wp-json\/wp\/v2\/comments?post=994"}],"version-history":[{"count":0,"href":"https:\/\/sushi.live\/de\/wp-json\/wp\/v2\/pages\/994\/revisions"}],"wp:attachment":[{"href":"https:\/\/sushi.live\/de\/wp-json\/wp\/v2\/media?parent=994"}],"curies":[{"name":"wp","href":"https:\/\/api.w.org\/{rel}","templated":true}]}}