{"id":994,"date":"2025-07-06T18:07:03","date_gmt":"2025-07-06T18:07:03","guid":{"rendered":"https:\/\/sushi.live\/?page_id=994"},"modified":"2025-07-06T18:08:58","modified_gmt":"2025-07-06T18:08:58","slug":"politica-de-cookies","status":"publish","type":"page","link":"https:\/\/sushi.live\/es\/politica-de-cookies\/","title":{"rendered":"Pol\u00edtica de cookies"},"content":{"rendered":"<div data-elementor-type=\"wp-page\" data-elementor-id=\"994\" class=\"elementor elementor-994\" data-elementor-post-type=\"page\">\n\t\t\t\t<div class=\"elementor-element elementor-element-d7d58eb e-flex e-con-boxed e-con e-parent\" data-id=\"d7d58eb\" data-element_type=\"container\">\n\t\t\t\t\t<div class=\"e-con-inner\">\n\t\t\t\t<div class=\"elementor-element elementor-element-204c127 elementor-widget elementor-widget-spacer\" data-id=\"204c127\" data-element_type=\"widget\" data-widget_type=\"spacer.default\">\n\t\t\t\t\t\t\t<div class=\"elementor-spacer\">\n\t\t\t<div class=\"elementor-spacer-inner\"><\/div>\n\t\t<\/div>\n\t\t\t\t\t\t<\/div>\n\t\t\t\t<div class=\"elementor-element elementor-element-5241612 elementor-widget elementor-widget-text-editor\" data-id=\"5241612\" data-element_type=\"widget\" data-widget_type=\"text-editor.default\">\n\t\t\t\t\t\t\t\t\t<p><b>Fecha de la \u00faltima actualizaci\u00f3n: 07 julio 2025<\/b><\/p><p>Esta Pol\u00edtica de Cookies es parte integrante de la Pol\u00edtica de Privacidad del sitio web <code>https:\/\/sushi.live<\/code> y est\u00e1 redactado de conformidad con las directrices del Garante per la Protezione dei Dati Personali y el Reglamento (UE) 2016\/679 (GDPR).<\/p><h4><b>1. CONTROLADOR DE DATOS<\/b><\/h4><p>El responsable del tratamiento es:<\/p><p><b>La Bussola SRL<\/b><\/p><ul><li><p><b>Domicilio social:<\/b> Viale Giuseppe Berto, Loc. Capo Vaticano, 89866, Ricadi (VV)<\/p><\/li><li><p><b>Correo electr\u00f3nico de contacto:<\/b> info@sushi.live<\/p><\/li><li><p><b>PEC:<\/b> labussolahotel@pec.it<\/p><\/li><\/ul><h4><b>2. QU\u00c9 SON LAS COOKIES Y OTRAS HERRAMIENTAS DE SEGUIMIENTO<\/b><\/h4><p>Las cookies son peque\u00f1os archivos de texto que los sitios que visita env\u00edan y almacenan en su ordenador o dispositivo m\u00f3vil, para ser transmitidos de nuevo a los mismos sitios en su pr\u00f3xima visita.<\/p><p>Existen diferentes tipos de cookies:<\/p><ul><li><p><b>Cookies de origen:<\/b> creado y gestionado directamente por el propietario del sitio.<\/p><\/li><li><p><b>Cookies de terceros:<\/b> establecidos y gestionados por un dominio distinto del visitado por el usuario.<\/p><\/li><\/ul><p>Adem\u00e1s de las cookies, este sitio utiliza otras herramientas de seguimiento (como los \"p\u00edxeles\") que, aunque funcionan de forma diferente en t\u00e9rminos de tecnolog\u00eda, sirven para fines similares y est\u00e1n sujetas a la misma legislaci\u00f3n. A los efectos del presente aviso, el t\u00e9rmino \"cookies\" se refiere tanto a las cookies propiamente dichas como a todas las herramientas de seguimiento similares.<\/p><h4><b>3. TIPOS DE COOKIES UTILIZADOS POR EL SITIO<\/b><\/h4><p>Este sitio utiliza los siguientes tipos de cookies:<\/p><p><b>A) Cookies t\u00e9cnicas (o necesarias)<\/b> Estas cookies son esenciales para el correcto funcionamiento del sitio y para prestar el servicio solicitado. No requieren el consentimiento del usuario. Se utilizan, por ejemplo, para gestionar la sesi\u00f3n de navegaci\u00f3n o para almacenar la opci\u00f3n del usuario de dar su consentimiento a las cookies.<\/p><p><b>B) Cookies estad\u00edsticas (o de an\u00e1lisis)<\/b> Estas cookies, incluidas las de terceros, recopilan informaci\u00f3n de forma agregada y an\u00f3nima sobre el n\u00famero de usuarios y c\u00f3mo visitan el sitio (por ejemplo, p\u00e1ginas visitadas, tiempo de permanencia). <b>Si los datos no est\u00e1n completamente anonimizados, la instalaci\u00f3n de estas cookies requiere el consentimiento previo del usuario.<\/b><\/p><p><b>C) Cookies de marketing y elaboraci\u00f3n de perfiles<\/b> Estas cookies, tambi\u00e9n de terceros, se utilizan para rastrear la navegaci\u00f3n web del usuario y crear perfiles sobre sus gustos, h\u00e1bitos, elecciones, etc. Con estas cookies se pueden transmitir al terminal del usuario mensajes publicitarios acordes con las preferencias ya expresadas. <b>La instalaci\u00f3n de estas cookies requiere el consentimiento previo del usuario.<\/b><\/p><h4><b>4. DETALLES DE LAS COOKIES DE TERCEROS UTILIZADAS<\/b><\/h4><p>A continuaci\u00f3n figura una lista de servicios de terceros que instalan cookies a trav\u00e9s de este sitio.<\/p><div class=\"horizontal-scroll-wrapper\"><div class=\"table-block-component\"><div class=\"table-block has-export-button\"><div class=\"table-content not-end-of-paragraph\"><table><thead><tr><td><p>Servicios y proveedores<\/p><\/td><td><p>Tipo<\/p><\/td><td><p>Prop\u00f3sito<\/p><\/td><td><p>Enlace a la informaci\u00f3n<\/p><\/td><\/tr><\/thead><tbody><tr><td><p><b>Google Analytics<\/b> (Google LLC)<\/p><\/td><td><p>Estad\u00edsticos<\/p><\/td><td><p>Generar datos estad\u00edsticos sobre c\u00f3mo utiliza el usuario el sitio web. El Responsable del Tratamiento puede haber activado funciones de anonimizaci\u00f3n de IP.<\/p><\/td><td><p><a class=\"traceable-link\" href=\"https:\/\/policies.google.com\/privacy?hl=it\">Pol\u00edtica de privacidad<\/a><br \/><a class=\"traceable-link\" href=\"https:\/\/tools.google.com\/dlpage\/gaoptout?hl=it\">Opt-Out<\/a><\/p><\/td><\/tr><tr><td><p><b>Meta Pixel<\/b> (Meta Platforms, Inc.)<\/p><\/td><td><p>Marketing y perfiles<\/p><\/td><td><p>Realiza un seguimiento de las conversiones de las campa\u00f1as en Facebook e Instagram, optimiza las campa\u00f1as y crea audiencias para actividades de remarketing.<\/p><\/td><td><p><a class=\"traceable-link\" href=\"https:\/\/www.facebook.com\/about\/privacy\/\">Pol\u00edtica de datos<\/a><br \/><a class=\"traceable-link\" href=\"https:\/\/www.facebook.com\/policies\/cookies\/\">Pol\u00edtica de cookies<\/a><\/p><\/td><\/tr><tr><td><p><b>TikTok Pixel<\/b> (TikTok Technology Ltd. \/ TikTok Inc.)<\/p><\/td><td><p>Marketing y perfiles<\/p><\/td><td><p>Mide la eficacia de las campa\u00f1as publicitarias en TikTok, optim\u00edzalas y crea segmentos de audiencia personalizados para el remarketing.<\/p><\/td><td><p><a class=\"traceable-link\" href=\"https:\/\/www.tiktok.com\/legal\/page\/eea\/privacy-policy\/it-IT\">Pol\u00edtica de privacidad<\/a><\/p><\/td><\/tr><tr><td><p><b>Bot\u00f3n WhatsApp<\/b> (Meta Platforms, Inc.)<\/p><\/td><td><p>Funcional<\/p><\/td><td><p>Permite al usuario iniciar una conversaci\u00f3n directa con el Titular a trav\u00e9s de la aplicaci\u00f3n WhatsApp.<\/p><\/td><td><p><a class=\"traceable-link\" href=\"https:\/\/www.google.com\/search?q=https:\/\/www.whatsapp.com\/legal\/privacy-policy-europe\">Pol\u00edtica de privacidad<\/a><\/p><\/td><\/tr><tr><td><p><b>Sistema de reservas Plateform<\/b> (Proveedor de plataformas)<\/p><\/td><td><p>T\u00e9cnico \/ Funcional<\/p><\/td><td><p>Gestionar el proceso de reserva online. Puede instalar cookies t\u00e9cnicas para el correcto funcionamiento del widget de reservas.<\/p><\/td><td><p>[Compruebe la pol\u00edtica de privacidad del proveedor].<\/p><\/td><\/tr><\/tbody><\/table><\/div><div class=\"table-footer hide-from-message-actions ng-star-inserted\">\u00a0<\/div><\/div><\/div><\/div><p><i>Nota: Google Tag Manager es una herramienta de gesti\u00f3n de etiquetas y no instala cookies per se, pero puede utilizarse para activar otras secuencias de comandos (como Google Analytics o Pixels) que s\u00ed lo hacen.<\/i><\/p><h4><b>5. GESTI\u00d3N DE COOKIES Y REVOCACI\u00d3N DEL CONSENTIMIENTO<\/b><\/h4><p>El usuario puede gestionar las preferencias de cookies directamente a trav\u00e9s de <b>banner de galletas<\/b> que se muestra en su primera visita al sitio. A trav\u00e9s de la bandera es posible:<\/p><ul><li><p>Aceptar todas las cookies.<\/p><\/li><li><p>Rechaza todas las cookies innecesarias.<\/p><\/li><li><p>Expresar un consentimiento granular por finalidad \u00fanica o por tercero.<\/p><\/li><\/ul><p>El consentimiento dado se almacena mediante una cookie t\u00e9cnica y puede ser <b>modificarse o revocarse en cualquier momento<\/b>accediendo al \u00e1rea de gesti\u00f3n de preferencias, generalmente accesible a trav\u00e9s de un enlace en el pie de p\u00e1gina del sitio.<\/p><p>Adem\u00e1s, puede gestionar sus preferencias de cookies directamente desde su navegador para evitar que terceros instalen cookies. Tambi\u00e9n puede eliminar las cookies instaladas en el pasado a trav\u00e9s de la configuraci\u00f3n de su navegador.<\/p><p>A continuaci\u00f3n encontrar\u00e1 enlaces a instrucciones para los navegadores m\u00e1s comunes:<\/p><ul><li><p><b>Google Chrome:<\/b> <a class=\"ng-star-inserted\" href=\"https:\/\/support.google.com\/chrome\/answer\/95647\" target=\"_blank\" rel=\"noopener\">https:\/\/support.google.com\/chrome\/answer\/95647<\/a><\/p><\/li><li><p><b>Mozilla Firefox:<\/b> <a class=\"ng-star-inserted\" href=\"https:\/\/support.mozilla.org\/it\/kb\/Gestione%20dei%20cookie\" target=\"_blank\" rel=\"noopener\">https:\/\/support.mozilla.org\/it\/kb\/Gestione%20dei%20cookie<\/a><\/p><\/li><li><p><b>Safari de Apple:<\/b> <a class=\"ng-star-inserted\" href=\"https:\/\/www.google.com\/search?q=https:\/\/support.apple.com\/it-it\/guide\/safari\/sfri11471\/mac\" target=\"_blank\" rel=\"noopener\">https:\/\/support.apple.com\/it-it\/guide\/safari\/sfri11471\/mac<\/a><\/p><\/li><li><p><b><span class=\"citation-16\">Microsoft Edge:<\/span><\/b> <a class=\"ng-star-inserted\" href=\"https:\/\/support.microsoft.com\/it-it\/windows\/eliminare-e-gestire-i-cookie-168dab11-0753-043d-7c16-ede5947fc64d\" target=\"_blank\" rel=\"noopener\"><span class=\"citation-16 citation-end-16\">https:\/\/support.microsoft.com\/it-it\/windows\/eliminare-e-gestire-i-cookie-168dab11-0753-043d-7c16-ede5947fc64d<\/span><\/a><\/p><div class=\"source-inline-chip-container ng-star-inserted\">\u00a0<\/div><\/li><\/ul><h4><b>6. REFERENCIAS Y MODIFICACIONES<\/b><\/h4><p>Para m\u00e1s informaci\u00f3n sobre el tratamiento de datos personales, consulte el <b>Pol\u00edtica de privacidad<\/b> sitio completo. El Propietario se reserva el derecho a modificar esta pol\u00edtica en cualquier momento.<\/p>\t\t\t\t\t\t\t\t<\/div>\n\t\t\t\t\t<\/div>\n\t\t\t\t<\/div>\n\t\t\t\t<\/div>","protected":false},"excerpt":{"rendered":"<p>Data di ultimo aggiornamento: 07 luglio 2025 Questa Cookie Policy \u00e8 parte integrante della Privacy Policy del sito https:\/\/sushi.live ed [&hellip;]<\/p>","protected":false},"author":1,"featured_media":0,"parent":0,"menu_order":0,"comment_status":"closed","ping_status":"closed","template":"elementor_header_footer","meta":{"site-sidebar-layout":"no-sidebar","site-content-layout":"","ast-site-content-layout":"full-width-container","site-content-style":"default","site-sidebar-style":"default","ast-global-header-display":"disabled","ast-banner-title-visibility":"disabled","ast-main-header-display":"","ast-hfb-above-header-display":"","ast-hfb-below-header-display":"","ast-hfb-mobile-header-display":"","site-post-title":"disabled","ast-breadcrumbs-content":"","ast-featured-img":"disabled","footer-sml-layout":"disabled","theme-transparent-header-meta":"","adv-header-id-meta":"","stick-header-meta":"","header-above-stick-meta":"","header-main-stick-meta":"","header-below-stick-meta":"","astra-migrate-meta-layouts":"default","ast-page-background-enabled":"default","ast-page-background-meta":{"desktop":{"background-color":"var(--ast-global-color-5)","background-image":"","background-repeat":"repeat","background-position":"center center","background-size":"auto","background-attachment":"scroll","background-type":"","background-media":"","overlay-type":"","overlay-color":"","overlay-opacity":"","overlay-gradient":""},"tablet":{"background-color":"","background-image":"","background-repeat":"repeat","background-position":"center center","background-size":"auto","background-attachment":"scroll","background-type":"","background-media":"","overlay-type":"","overlay-color":"","overlay-opacity":"","overlay-gradient":""},"mobile":{"background-color":"","background-image":"","background-repeat":"repeat","background-position":"center center","background-size":"auto","background-attachment":"scroll","background-type":"","background-media":"","overlay-type":"","overlay-color":"","overlay-opacity":"","overlay-gradient":""}},"ast-content-background-meta":{"desktop":{"background-color":"var(--ast-global-color-4)","background-image":"","background-repeat":"repeat","background-position":"center center","background-size":"auto","background-attachment":"scroll","background-type":"","background-media":"","overlay-type":"","overlay-color":"","overlay-opacity":"","overlay-gradient":""},"tablet":{"background-color":"var(--ast-global-color-4)","background-image":"","background-repeat":"repeat","background-position":"center center","background-size":"auto","background-attachment":"scroll","background-type":"","background-media":"","overlay-type":"","overlay-color":"","overlay-opacity":"","overlay-gradient":""},"mobile":{"background-color":"var(--ast-global-color-4)","background-image":"","background-repeat":"repeat","background-position":"center center","background-size":"auto","background-attachment":"scroll","background-type":"","background-media":"","overlay-type":"","overlay-color":"","overlay-opacity":"","overlay-gradient":""}},"_joinchat":[],"footnotes":""},"class_list":["post-994","page","type-page","status-publish","hentry"],"_links":{"self":[{"href":"https:\/\/sushi.live\/es\/wp-json\/wp\/v2\/pages\/994","targetHints":{"allow":["GET"]}}],"collection":[{"href":"https:\/\/sushi.live\/es\/wp-json\/wp\/v2\/pages"}],"about":[{"href":"https:\/\/sushi.live\/es\/wp-json\/wp\/v2\/types\/page"}],"author":[{"embeddable":true,"href":"https:\/\/sushi.live\/es\/wp-json\/wp\/v2\/users\/1"}],"replies":[{"embeddable":true,"href":"https:\/\/sushi.live\/es\/wp-json\/wp\/v2\/comments?post=994"}],"version-history":[{"count":0,"href":"https:\/\/sushi.live\/es\/wp-json\/wp\/v2\/pages\/994\/revisions"}],"wp:attachment":[{"href":"https:\/\/sushi.live\/es\/wp-json\/wp\/v2\/media?parent=994"}],"curies":[{"name":"wp","href":"https:\/\/api.w.org\/{rel}","templated":true}]}}